{"id":74,"date":"2018-01-04T21:22:10","date_gmt":"2018-01-04T21:22:10","guid":{"rendered":"http:\/\/ventaniella.com\/?page_id=74"},"modified":"2019-10-14T17:26:15","modified_gmt":"2019-10-14T17:26:15","slug":"historia","status":"publish","type":"page","link":"https:\/\/ventaniella.com\/index.php\/historia\/","title":{"rendered":"Historia"},"content":{"rendered":"<p>[et_pb_section fb_built=\u00bb1&#8243; _builder_version=\u00bb3.22&#8243; fb_built=\u00bb1&#8243; bb_built=\u00bb1&#8243; _i=\u00bb0&#8243; _address=\u00bb0&#8243;][et_pb_row _builder_version=\u00bb3.25&#8243; background_size=\u00bbinitial\u00bb background_position=\u00bbtop_left\u00bb background_repeat=\u00bbrepeat\u00bb _i=\u00bb0&#8243; _address=\u00bb0.0&#8243;][et_pb_column type=\u00bb4_4&#8243; _builder_version=\u00bb3.25&#8243; custom_padding=\u00bb|||\u00bb _i=\u00bb0&#8243; _address=\u00bb0.0.0&#8243; custom_padding__hover=\u00bb|||\u00bb][et_pb_slider admin_label=\u00bbSlider\u00bb _builder_version=\u00bb3.29.3&#8243; hover_enabled=\u00bb0&#8243; box_shadow_style=\u00bbpreset6&#8243; box_shadow_blur=\u00bb10px\u00bb box_shadow_color=\u00bbrgba(0,0,0,0.1)\u00bb show_inner_shadow=\u00bbon\u00bb _i=\u00bb0&#8243; _address=\u00bb0.0.0.0&#8243; button_text_size__hover_enabled=\u00bboff\u00bb button_one_text_size__hover_enabled=\u00bboff\u00bb button_two_text_size__hover_enabled=\u00bboff\u00bb button_text_color__hover_enabled=\u00bboff\u00bb button_one_text_color__hover_enabled=\u00bboff\u00bb button_two_text_color__hover_enabled=\u00bboff\u00bb button_border_width__hover_enabled=\u00bboff\u00bb button_one_border_width__hover_enabled=\u00bboff\u00bb button_two_border_width__hover_enabled=\u00bboff\u00bb button_border_color__hover_enabled=\u00bboff\u00bb button_one_border_color__hover_enabled=\u00bboff\u00bb button_two_border_color__hover_enabled=\u00bboff\u00bb button_border_radius__hover_enabled=\u00bboff\u00bb button_one_border_radius__hover_enabled=\u00bboff\u00bb button_two_border_radius__hover_enabled=\u00bboff\u00bb button_letter_spacing__hover_enabled=\u00bboff\u00bb button_one_letter_spacing__hover_enabled=\u00bboff\u00bb button_two_letter_spacing__hover_enabled=\u00bboff\u00bb button_bg_color__hover_enabled=\u00bboff\u00bb button_one_bg_color__hover_enabled=\u00bboff\u00bb button_two_bg_color__hover_enabled=\u00bboff\u00bb][et_pb_slide heading=\u00bbHistoria y textos\u00bb use_bg_overlay=\u00bboff\u00bb use_text_overlay=\u00bbon\u00bb text_border_radius=\u00bb17&#8243; _builder_version=\u00bb3.29.3&#8243; header_text_align=\u00bbcenter\u00bb background_color=\u00bb#ffffff\u00bb background_image=\u00bbhttps:\/\/ventaniella.com\/wp-content\/uploads\/2018\/01\/Ventaniella-contrafuertes.jpg\u00bb background_enable_image=\u00bbon\u00bb text_orientation=\u00bbleft\u00bb hover_enabled=\u00bb0&#8243; _i=\u00bb0&#8243; _address=\u00bb0.0.0.0.0&#8243; button_text_size__hover_enabled=\u00bboff\u00bb button_one_text_size__hover_enabled=\u00bboff\u00bb button_two_text_size__hover_enabled=\u00bboff\u00bb button_text_color__hover_enabled=\u00bboff\u00bb button_one_text_color__hover_enabled=\u00bboff\u00bb button_two_text_color__hover_enabled=\u00bboff\u00bb button_border_width__hover_enabled=\u00bboff\u00bb button_one_border_width__hover_enabled=\u00bboff\u00bb button_two_border_width__hover_enabled=\u00bboff\u00bb button_border_color__hover_enabled=\u00bboff\u00bb button_one_border_color__hover_enabled=\u00bboff\u00bb button_two_border_color__hover_enabled=\u00bboff\u00bb button_border_radius__hover_enabled=\u00bboff\u00bb button_one_border_radius__hover_enabled=\u00bboff\u00bb button_two_border_radius__hover_enabled=\u00bboff\u00bb button_letter_spacing__hover_enabled=\u00bboff\u00bb button_one_letter_spacing__hover_enabled=\u00bboff\u00bb button_two_letter_spacing__hover_enabled=\u00bboff\u00bb button_bg_color__hover_enabled=\u00bboff\u00bb button_one_bg_color__hover_enabled=\u00bboff\u00bb button_two_bg_color__hover_enabled=\u00bboff\u00bb]&nbsp;<\/p>\n<p>&nbsp;<\/p>\n<p>La caser\u00eda de Ventaniella, como alberguer\u00eda y espacio de pasto logrado en el puerto, tiene un origen medieval. El puerto y el aprovechamiento ganadero son mucho m\u00e1s antiguos, y est\u00e1n asociados a los itinerarios de la gente vediniense, pueblo prerromano atestiguado por numerosas l\u00e1pidas funerarias halladas en las cuencas del Sella, del Ponga y del Esla.<\/p>\n<p>&nbsp;<\/p>\n<p>&nbsp;<br \/>\n[\/et_pb_slide][\/et_pb_slider][\/et_pb_column][\/et_pb_row][et_pb_row column_structure=\u00bb1_3,1_3,1_3&#8243; _builder_version=\u00bb3.25&#8243; background_size=\u00bbinitial\u00bb background_position=\u00bbtop_left\u00bb background_repeat=\u00bbrepeat\u00bb _i=\u00bb1&#8243; _address=\u00bb0.1&#8243;][et_pb_column type=\u00bb1_3&#8243; _builder_version=\u00bb3.25&#8243; custom_padding=\u00bb|||\u00bb _i=\u00bb0&#8243; _address=\u00bb0.1.0&#8243; custom_padding__hover=\u00bb|||\u00bb][et_pb_blurb title=\u00bbVentaniella: casa, caser\u00eda y hospital\u00bb url=\u00bbhttp:\/\/ventaniella.com\/wp-content\/uploads\/2018\/01\/Ventaniella-por-G.-Ma\u00f1ana.pdf\u00bb use_icon=\u00bbon\u00bb font_icon=\u00bbh\u00bb icon_color=\u00bb#a8a8a8&#8243; use_circle=\u00bbon\u00bb circle_color=\u00bb#ffffff\u00bb use_circle_border=\u00bbon\u00bb circle_border_color=\u00bb#e0e0e0&#8243; admin_label=\u00bbBlurb\u00bb _builder_version=\u00bb3.0.89&#8243; background_size=\u00bbinitial\u00bb background_position=\u00bbtop_left\u00bb background_repeat=\u00bbrepeat\u00bb text_orientation=\u00bbcenter\u00bb max_width_tablet=\u00bb50px\u00bb _i=\u00bb0&#8243; _address=\u00bb0.1.0.0&#8243;]Guillermo Ma\u00f1ana<br \/>\n[\/et_pb_blurb][\/et_pb_column][et_pb_column type=\u00bb1_3&#8243; _builder_version=\u00bb3.25&#8243; custom_padding=\u00bb|||\u00bb _i=\u00bb1&#8243; _address=\u00bb0.1.1&#8243; custom_padding__hover=\u00bb|||\u00bb][et_pb_blurb title=\u00bbLos Vadinienses\u00bb url=\u00bbhttp:\/\/ventaniella.com\/wp-content\/uploads\/2018\/01\/Los-Vadinienses-Celso-Diego.pdf\u00bb use_icon=\u00bbon\u00bb font_icon=\u00bbh\u00bb icon_color=\u00bb#a8a8a8&#8243; use_circle=\u00bbon\u00bb circle_color=\u00bb#ffffff\u00bb use_circle_border=\u00bbon\u00bb circle_border_color=\u00bb#e0e0e0&#8243; admin_label=\u00bbBlurb\u00bb _builder_version=\u00bb3.0.89&#8243; background_size=\u00bbinitial\u00bb background_position=\u00bbtop_left\u00bb background_repeat=\u00bbrepeat\u00bb text_orientation=\u00bbcenter\u00bb max_width_tablet=\u00bb50px\u00bb _i=\u00bb0&#8243; _address=\u00bb0.1.1.0&#8243;]Celso Diego Somoano<br \/>\n[\/et_pb_blurb][\/et_pb_column][et_pb_column type=\u00bb1_3&#8243; _builder_version=\u00bb3.25&#8243; custom_padding=\u00bb|||\u00bb _i=\u00bb2&#8243; _address=\u00bb0.1.2&#8243; custom_padding__hover=\u00bb|||\u00bb][et_pb_blurb title=\u00bbSobrefoz, siempre en t\u00ed\u00bb url=\u00bbhttp:\/\/ventaniella.com\/wp-content\/uploads\/2018\/01\/Poes\u00eda-de-Casto-Mart\u00ednez.pdf\u00bb use_icon=\u00bbon\u00bb font_icon=\u00bbh\u00bb icon_color=\u00bb#a8a8a8&#8243; use_circle=\u00bbon\u00bb circle_color=\u00bb#ffffff\u00bb use_circle_border=\u00bbon\u00bb circle_border_color=\u00bb#e0e0e0&#8243; admin_label=\u00bbBlurb\u00bb _builder_version=\u00bb3.0.89&#8243; background_size=\u00bbinitial\u00bb background_position=\u00bbtop_left\u00bb background_repeat=\u00bbrepeat\u00bb text_orientation=\u00bbcenter\u00bb max_width_tablet=\u00bb50px\u00bb _i=\u00bb0&#8243; _address=\u00bb0.1.2.0&#8243;]Casto Mart\u00ednez<br \/>\n[\/et_pb_blurb][\/et_pb_column][\/et_pb_row][et_pb_row column_structure=\u00bb1_3,1_3,1_3&#8243; _builder_version=\u00bb3.25&#8243; background_size=\u00bbinitial\u00bb background_position=\u00bbtop_left\u00bb background_repeat=\u00bbrepeat\u00bb _i=\u00bb2&#8243; _address=\u00bb0.2&#8243;][et_pb_column type=\u00bb1_3&#8243; _builder_version=\u00bb3.25&#8243; custom_padding=\u00bb|||\u00bb _i=\u00bb0&#8243; _address=\u00bb0.2.0&#8243; custom_padding__hover=\u00bb|||\u00bb][et_pb_blurb title=\u00bbTres coses ti\u00e9n Ventaniella\u00bb url=\u00bbhttp:\/\/ventaniella.com\/wp-content\/uploads\/2018\/01\/Tres-coses-tien-Ventaniella.pdf\u00bb use_icon=\u00bbon\u00bb font_icon=\u00bbh\u00bb icon_color=\u00bb#a8a8a8&#8243; use_circle=\u00bbon\u00bb circle_color=\u00bb#ffffff\u00bb use_circle_border=\u00bbon\u00bb circle_border_color=\u00bb#e0e0e0&#8243; admin_label=\u00bbBlurb\u00bb _builder_version=\u00bb3.0.89&#8243; background_size=\u00bbinitial\u00bb background_position=\u00bbtop_left\u00bb background_repeat=\u00bbrepeat\u00bb text_orientation=\u00bbcenter\u00bb max_width_tablet=\u00bb50px\u00bb _i=\u00bb0&#8243; _address=\u00bb0.2.0.0&#8243;]Romance<br \/>\n[\/et_pb_blurb][\/et_pb_column][et_pb_column type=\u00bb1_3&#8243; _builder_version=\u00bb3.25&#8243; custom_padding=\u00bb|||\u00bb _i=\u00bb1&#8243; _address=\u00bb0.2.1&#8243; custom_padding__hover=\u00bb|||\u00bb][et_pb_blurb title=\u00bbLa Platera\u00bb url=\u00bbhttp:\/\/ventaniella.com\/wp-content\/uploads\/2018\/01\/La-Platera.pdf\u00bb use_icon=\u00bbon\u00bb font_icon=\u00bbh\u00bb icon_color=\u00bb#a8a8a8&#8243; use_circle=\u00bbon\u00bb circle_color=\u00bb#ffffff\u00bb use_circle_border=\u00bbon\u00bb circle_border_color=\u00bb#e0e0e0&#8243; admin_label=\u00bbBlurb\u00bb _builder_version=\u00bb3.0.89&#8243; background_size=\u00bbinitial\u00bb background_position=\u00bbtop_left\u00bb background_repeat=\u00bbrepeat\u00bb text_orientation=\u00bbcenter\u00bb max_width_tablet=\u00bb50px\u00bb _i=\u00bb0&#8243; _address=\u00bb0.2.1.0&#8243;]Luciano Casta\u00f1\u00f3n<br \/>\n[\/et_pb_blurb][\/et_pb_column][et_pb_column type=\u00bb1_3&#8243; _builder_version=\u00bb3.25&#8243; custom_padding=\u00bb|||\u00bb _i=\u00bb2&#8243; _address=\u00bb0.2.2&#8243; custom_padding__hover=\u00bb|||\u00bb][et_pb_blurb title=\u00bbLa Salguerosina\u00bb url=\u00bbhttp:\/\/ventaniella.com\/wp-content\/uploads\/2018\/01\/La-Salguerosina.pdf\u00bb use_icon=\u00bbon\u00bb font_icon=\u00bbh\u00bb icon_color=\u00bb#a8a8a8&#8243; use_circle=\u00bbon\u00bb circle_color=\u00bb#ffffff\u00bb use_circle_border=\u00bbon\u00bb circle_border_color=\u00bb#e0e0e0&#8243; admin_label=\u00bbBlurb\u00bb _builder_version=\u00bb3.0.89&#8243; background_size=\u00bbinitial\u00bb background_position=\u00bbtop_left\u00bb background_repeat=\u00bbrepeat\u00bb text_orientation=\u00bbcenter\u00bb max_width_tablet=\u00bb50px\u00bb _i=\u00bb0&#8243; _address=\u00bb0.2.2.0&#8243;]Gonzalo Barrena<br \/>\n[\/et_pb_blurb][\/et_pb_column][\/et_pb_row][\/et_pb_section][et_pb_section fb_built=\u00bb1&#8243; _builder_version=\u00bb3.22&#8243; background_color=\u00bb#013220&#8243; fb_built=\u00bb1&#8243; bb_built=\u00bb1&#8243; _i=\u00bb1&#8243; _address=\u00bb1&#8243;][et_pb_row _builder_version=\u00bb3.25&#8243; background_size=\u00bbinitial\u00bb background_position=\u00bbtop_left\u00bb background_repeat=\u00bbrepeat\u00bb _i=\u00bb0&#8243; _address=\u00bb1.0&#8243;][et_pb_column type=\u00bb4_4&#8243; _builder_version=\u00bb3.25&#8243; custom_padding=\u00bb|||\u00bb _i=\u00bb0&#8243; _address=\u00bb1.0.0&#8243; custom_padding__hover=\u00bb|||\u00bb][et_pb_text _builder_version=\u00bb3.27.4&#8243; text_font=\u00bbTimes New Roman||on||||||\u00bb text_font_size=\u00bb40px\u00bb background_layout=\u00bbdark\u00bb _i=\u00bb0&#8243; _address=\u00bb1.0.0.0&#8243;]Pi\u00f1ole en Ventaniella<br \/>\n[\/et_pb_text][\/et_pb_column][\/et_pb_row][et_pb_row column_structure=\u00bb1_2,1_2&#8243; _builder_version=\u00bb3.25&#8243; background_size=\u00bbinitial\u00bb background_position=\u00bbtop_left\u00bb background_repeat=\u00bbrepeat\u00bb _i=\u00bb1&#8243; _address=\u00bb1.1&#8243;][et_pb_column type=\u00bb1_2&#8243; _builder_version=\u00bb3.25&#8243; custom_padding=\u00bb|||\u00bb _i=\u00bb0&#8243; _address=\u00bb1.1.0&#8243; custom_padding__hover=\u00bb|||\u00bb][et_pb_image src=\u00bbhttp:\/\/ventaniella.com\/wp-content\/uploads\/2018\/01\/PinoleCaseronMontesPonga.jpg\u00bb show_in_lightbox=\u00bbon\u00bb align_tablet=\u00bbcenter\u00bb align_last_edited=\u00bbon|desktop\u00bb _builder_version=\u00bb3.23&#8243; always_center_on_mobile=\u00bbon\u00bb _i=\u00bb0&#8243; _address=\u00bb1.1.0.0&#8243;][\/et_pb_image][et_pb_text _builder_version=\u00bb3.27.4&#8243; text_font=\u00bbTimes New Roman||||||||\u00bb background_layout=\u00bbdark\u00bb _i=\u00bb1&#8243; _address=\u00bb1.1.0.1&#8243;]\u00bb<strong>Caser\u00f3n en los montes de Ponga<\/strong>\u00ab, \u00f3leo sobre lienzo de Nicanor Pi\u00f1ole (posiblemente un d\u00eda de feria o fiesta en la Caser\u00eda de Ventaniella).\u00a0En la fotograf\u00eda adjunta, Nicanor Pi\u00f1ole, Enriqueta y Casto Mart\u00ednez al pie de la casa, en Ventaniella,\u00a0junto con una chica (sin identificar).<br \/>\n[\/et_pb_text][\/et_pb_column][et_pb_column type=\u00bb1_2&#8243; _builder_version=\u00bb3.25&#8243; custom_padding=\u00bb|||\u00bb _i=\u00bb1&#8243; _address=\u00bb1.1.1&#8243; custom_padding__hover=\u00bb|||\u00bb][et_pb_image src=\u00bbhttps:\/\/ventaniella.com\/wp-content\/uploads\/2018\/01\/Pinole-Casto-Enriqueta-en-Ventaniella-e1515349763732.jpg\u00bb align_tablet=\u00bbcenter\u00bb align_last_edited=\u00bbon|desktop\u00bb _builder_version=\u00bb3.29.3&#8243; hover_enabled=\u00bb0&#8243; always_center_on_mobile=\u00bbon\u00bb _i=\u00bb0&#8243; _address=\u00bb1.1.1.0&#8243;][\/et_pb_image][\/et_pb_column][\/et_pb_row][et_pb_row _builder_version=\u00bb3.25&#8243; background_size=\u00bbinitial\u00bb background_position=\u00bbtop_left\u00bb background_repeat=\u00bbrepeat\u00bb _i=\u00bb2&#8243; _address=\u00bb1.2&#8243;][et_pb_column type=\u00bb4_4&#8243; _builder_version=\u00bb3.25&#8243; custom_padding=\u00bb|||\u00bb _i=\u00bb0&#8243; _address=\u00bb1.2.0&#8243; custom_padding__hover=\u00bb|||\u00bb][et_pb_text _builder_version=\u00bb3.27.4&#8243; text_font=\u00bbTimes New Roman||||||||\u00bb background_layout=\u00bbdark\u00bb _i=\u00bb0&#8243; _address=\u00bb1.2.0.0&#8243;]<\/p>\n<h1>La monta\u00f1a de Ponga, referente del pintor<\/h1>\n<p>Nicanor Pi\u00f1ole (Gij\u00f3n, 1878-1978) ya hab\u00eda comenzado a interesarse por los paisajes y culturas de monta\u00f1a desde temprano, pero fue su amistad con el monta\u00f1ero y fot\u00f3grafo Jos\u00e9 Ram\u00f3n Lueje la que lo condujo a una observaci\u00f3n m\u00e1s detallada de la vertiente oriental de la cordillera. Desde Lario y Valde\u00f3n hasta Los Beyos o Ventaniella, pueblos y gentes aparecieron en sus lienzos con una calidad perceptiva similar a la de las im\u00e1genes de Lueje.<br \/>\nLa amistad con las personas vecinas de esa tierra, como la que mantuvo con Casto Mart\u00ednez, son tambi\u00e9n una prueba del esmero en la aproximaci\u00f3n a la identidad cultural del paisaje.<br \/>\n[\/et_pb_text][\/et_pb_column][\/et_pb_row][\/et_pb_section]<\/p>\n","protected":false},"excerpt":{"rendered":"<p>&nbsp; &nbsp; La caser\u00eda de Ventaniella, como alberguer\u00eda y espacio de pasto logrado en el puerto, tiene un origen medieval. El puerto y el aprovechamiento ganadero son mucho m\u00e1s antiguos, y est\u00e1n asociados a los itinerarios de la gente vediniense, pueblo prerromano atestiguado por numerosas l\u00e1pidas funerarias halladas en las cuencas del Sella, del Ponga [&hellip;]<\/p>\n","protected":false},"author":1,"featured_media":0,"parent":0,"menu_order":0,"comment_status":"closed","ping_status":"closed","template":"","meta":{"_et_pb_use_builder":"on","_et_pb_old_content":"","_et_gb_content_width":"","footnotes":""},"class_list":["post-74","page","type-page","status-publish","hentry"],"_links":{"self":[{"href":"https:\/\/ventaniella.com\/index.php\/wp-json\/wp\/v2\/pages\/74","targetHints":{"allow":["GET"]}}],"collection":[{"href":"https:\/\/ventaniella.com\/index.php\/wp-json\/wp\/v2\/pages"}],"about":[{"href":"https:\/\/ventaniella.com\/index.php\/wp-json\/wp\/v2\/types\/page"}],"author":[{"embeddable":true,"href":"https:\/\/ventaniella.com\/index.php\/wp-json\/wp\/v2\/users\/1"}],"replies":[{"embeddable":true,"href":"https:\/\/ventaniella.com\/index.php\/wp-json\/wp\/v2\/comments?post=74"}],"version-history":[{"count":31,"href":"https:\/\/ventaniella.com\/index.php\/wp-json\/wp\/v2\/pages\/74\/revisions"}],"predecessor-version":[{"id":24681,"href":"https:\/\/ventaniella.com\/index.php\/wp-json\/wp\/v2\/pages\/74\/revisions\/24681"}],"wp:attachment":[{"href":"https:\/\/ventaniella.com\/index.php\/wp-json\/wp\/v2\/media?parent=74"}],"curies":[{"name":"wp","href":"https:\/\/api.w.org\/{rel}","templated":true}]}}