{"id":145,"date":"2018-01-06T13:29:00","date_gmt":"2018-01-06T13:29:00","guid":{"rendered":"http:\/\/ventaniella.com\/?page_id=145"},"modified":"2018-03-01T21:49:24","modified_gmt":"2018-03-01T21:49:24","slug":"entorno","status":"publish","type":"page","link":"https:\/\/ventaniella.com\/index.php\/entorno\/","title":{"rendered":"Entorno"},"content":{"rendered":"<p>[et_pb_section fb_built=\u00bb1&#8243; fullwidth=\u00bbon\u00bb _builder_version=\u00bb3.0.47&#8243;][et_pb_fullwidth_header title=\u00bbEntorno de Ventaniella\u00bb _builder_version=\u00bb3.0.89&#8243;][\/et_pb_fullwidth_header][\/et_pb_section][et_pb_section fb_built=\u00bb1&#8243; _builder_version=\u00bb3.0.47&#8243;][et_pb_row _builder_version=\u00bb3.0.47&#8243; background_size=\u00bbinitial\u00bb background_position=\u00bbtop_left\u00bb background_repeat=\u00bbrepeat\u00bb][et_pb_column type=\u00bb3_4&#8243; _builder_version=\u00bb3.0.47&#8243; parallax=\u00bboff\u00bb parallax_method=\u00bbon\u00bb][et_pb_image src=\u00bbhttp:\/\/ventaniella.com\/wp-content\/uploads\/2018\/01\/La-casa-nevada.jpg\u00bb _builder_version=\u00bb3.0.89&#8243;][\/et_pb_image][\/et_pb_column][et_pb_column type=\u00bb1_4&#8243; _builder_version=\u00bb3.0.47&#8243; parallax=\u00bboff\u00bb parallax_method=\u00bbon\u00bb][et_pb_text _builder_version=\u00bb3.0.95&#8243;]<\/p>\n<h1>La casa<\/h1>\n<p>Alberguer\u00eda de origen medieval, con cuadra y corrales para el ganado, rodeada de una finca de varias hect\u00e1reas de pasto cerrada sobre si.<br \/>\n[\/et_pb_text][\/et_pb_column][\/et_pb_row][et_pb_row _builder_version=\u00bb3.0.47&#8243; background_size=\u00bbinitial\u00bb background_position=\u00bbtop_left\u00bb background_repeat=\u00bbrepeat\u00bb][et_pb_column type=\u00bb3_4&#8243; _builder_version=\u00bb3.0.47&#8243; parallax=\u00bboff\u00bb parallax_method=\u00bbon\u00bb][et_pb_image src=\u00bbhttp:\/\/ventaniella.com\/wp-content\/uploads\/2018\/01\/La-Salguerosina.jpg\u00bb _builder_version=\u00bb3.0.89&#8243;][\/et_pb_image][\/et_pb_column][et_pb_column type=\u00bb1_4&#8243; _builder_version=\u00bb3.0.47&#8243; parallax=\u00bboff\u00bb parallax_method=\u00bbon\u00bb][et_pb_text _builder_version=\u00bb3.0.89&#8243;]<\/p>\n<h1>La Salguerosina<\/h1>\n<p>La Salguerosina es un claro, de gran belleza, en el hayedo que rodea la vega de Ventaniella.<\/p>\n<p>&nbsp;<\/p>\n<p>[\/et_pb_text][\/et_pb_column][\/et_pb_row][et_pb_row _builder_version=\u00bb3.0.47&#8243; background_size=\u00bbinitial\u00bb background_position=\u00bbtop_left\u00bb background_repeat=\u00bbrepeat\u00bb][et_pb_column type=\u00bb3_4&#8243; _builder_version=\u00bb3.0.47&#8243; parallax=\u00bboff\u00bb parallax_method=\u00bbon\u00bb][et_pb_image src=\u00bbhttp:\/\/ventaniella.com\/wp-content\/uploads\/2018\/01\/Casa-cuadra-y-capilla.jpg\u00bb force_fullwidth=\u00bbon\u00bb _builder_version=\u00bb3.0.89&#8243;][\/et_pb_image][\/et_pb_column][et_pb_column type=\u00bb1_4&#8243; _builder_version=\u00bb3.0.47&#8243; parallax=\u00bboff\u00bb parallax_method=\u00bbon\u00bb][et_pb_text _builder_version=\u00bb3.0.89&#8243;]<\/p>\n<h1>El camino del puertu<\/h1>\n<p>Imagen: J. C.<\/p>\n<p>A escasos dos kil\u00f3metros de la raya que separa Asturias de Le\u00f3n, al pie de la caser\u00eda, termina el camino rodado que viene desde Sobrefoz. A partir de la venta, un sendero remonta en zig zag los \u00faltimos tramos asturianos del camino.<\/p>\n<p>[\/et_pb_text][\/et_pb_column][\/et_pb_row][et_pb_row _builder_version=\u00bb3.0.47&#8243; background_size=\u00bbinitial\u00bb background_position=\u00bbtop_left\u00bb background_repeat=\u00bbrepeat\u00bb][et_pb_column type=\u00bb3_4&#8243; _builder_version=\u00bb3.0.47&#8243; parallax=\u00bboff\u00bb parallax_method=\u00bbon\u00bb][et_pb_image src=\u00bbhttp:\/\/ventaniella.com\/wp-content\/uploads\/2018\/01\/Ventaniella-en-otono-J-Alcantara.jpg\u00bb _builder_version=\u00bb3.0.89&#8243;][\/et_pb_image][\/et_pb_column][et_pb_column type=\u00bb1_4&#8243; _builder_version=\u00bb3.0.47&#8243; parallax=\u00bboff\u00bb parallax_method=\u00bbon\u00bb][et_pb_text _builder_version=\u00bb3.0.95&#8243;]<\/p>\n<h1>La vega<\/h1>\n<p>Imagen: Javier Alc\u00e1ntara (La Casona de Con)<\/p>\n<p>La vega de Ventaniella, como espacio de pastura, es el resultado de una fundaci\u00f3n de origen medieval. Desde entonces, el pueblo de Sobrefoz la cuida y protege en sus ordenanzas.<\/p>\n<p>[\/et_pb_text][\/et_pb_column][\/et_pb_row][\/et_pb_section]<\/p>\n","protected":false},"excerpt":{"rendered":"<p>La casa Alberguer\u00eda de origen medieval, con cuadra y corrales para el ganado, rodeada de una finca de varias hect\u00e1reas de pasto cerrada sobre si. La Salguerosina La Salguerosina es un claro, de gran belleza, en el hayedo que rodea la vega de Ventaniella. &nbsp;El camino del puertu Imagen: J. C. A escasos dos kil\u00f3metros [&hellip;]<\/p>\n","protected":false},"author":1,"featured_media":0,"parent":0,"menu_order":0,"comment_status":"closed","ping_status":"closed","template":"","meta":{"_et_pb_use_builder":"on","_et_pb_old_content":"","_et_gb_content_width":"","footnotes":""},"class_list":["post-145","page","type-page","status-publish","hentry"],"_links":{"self":[{"href":"https:\/\/ventaniella.com\/index.php\/wp-json\/wp\/v2\/pages\/145","targetHints":{"allow":["GET"]}}],"collection":[{"href":"https:\/\/ventaniella.com\/index.php\/wp-json\/wp\/v2\/pages"}],"about":[{"href":"https:\/\/ventaniella.com\/index.php\/wp-json\/wp\/v2\/types\/page"}],"author":[{"embeddable":true,"href":"https:\/\/ventaniella.com\/index.php\/wp-json\/wp\/v2\/users\/1"}],"replies":[{"embeddable":true,"href":"https:\/\/ventaniella.com\/index.php\/wp-json\/wp\/v2\/comments?post=145"}],"version-history":[{"count":17,"href":"https:\/\/ventaniella.com\/index.php\/wp-json\/wp\/v2\/pages\/145\/revisions"}],"predecessor-version":[{"id":24621,"href":"https:\/\/ventaniella.com\/index.php\/wp-json\/wp\/v2\/pages\/145\/revisions\/24621"}],"wp:attachment":[{"href":"https:\/\/ventaniella.com\/index.php\/wp-json\/wp\/v2\/media?parent=145"}],"curies":[{"name":"wp","href":"https:\/\/api.w.org\/{rel}","templated":true}]}}