{"id":105,"date":"2018-01-04T23:02:02","date_gmt":"2018-01-04T23:02:02","guid":{"rendered":"http:\/\/ventaniella.com\/?page_id=105"},"modified":"2019-10-14T18:03:36","modified_gmt":"2019-10-14T18:03:36","slug":"los-caseros","status":"publish","type":"page","link":"https:\/\/ventaniella.com\/index.php\/los-caseros\/","title":{"rendered":"Los Caseros"},"content":{"rendered":"<p>[et_pb_section fb_built=\u00bb1&#8243; inner_shadow=\u00bbon\u00bb fullwidth=\u00bbon\u00bb _builder_version=\u00bb3.22&#8243; background_color=\u00bb#6aceb6&#8243; fb_built=\u00bb1&#8243; _i=\u00bb0&#8243; _address=\u00bb0&#8243;][et_pb_fullwidth_header title=\u00bbCaseros y caseras de Ventaniella\u00bb subhead=\u00bbSiglos XX y XXI\u00bb _builder_version=\u00bb3.16&#8243; background_color=\u00bb#013220&#8243; _i=\u00bb0&#8243; _address=\u00bb0.0&#8243; button_one_text_size__hover_enabled=\u00bboff\u00bb button_two_text_size__hover_enabled=\u00bboff\u00bb button_one_text_color__hover_enabled=\u00bboff\u00bb button_two_text_color__hover_enabled=\u00bboff\u00bb button_one_border_width__hover_enabled=\u00bboff\u00bb button_two_border_width__hover_enabled=\u00bboff\u00bb button_one_border_color__hover_enabled=\u00bboff\u00bb button_two_border_color__hover_enabled=\u00bboff\u00bb button_one_border_radius__hover_enabled=\u00bboff\u00bb button_two_border_radius__hover_enabled=\u00bboff\u00bb button_one_letter_spacing__hover_enabled=\u00bboff\u00bb button_two_letter_spacing__hover_enabled=\u00bboff\u00bb button_one_bg_color__hover_enabled=\u00bboff\u00bb button_two_bg_color__hover_enabled=\u00bboff\u00bb][\/et_pb_fullwidth_header][\/et_pb_section][et_pb_section fb_built=\u00bb1&#8243; _builder_version=\u00bb3.22&#8243; fb_built=\u00bb1&#8243; _i=\u00bb1&#8243; _address=\u00bb1&#8243;][et_pb_row _builder_version=\u00bb3.25&#8243; background_size=\u00bbinitial\u00bb background_position=\u00bbtop_left\u00bb background_repeat=\u00bbrepeat\u00bb _i=\u00bb0&#8243; _address=\u00bb1.0&#8243; column_structure=\u00bb1_4,1_4,1_4,1_4&#8243;][et_pb_column type=\u00bb1_4&#8243; _builder_version=\u00bb3.25&#8243; custom_padding=\u00bb|||\u00bb _i=\u00bb0&#8243; _address=\u00bb1.0.0&#8243; custom_padding__hover=\u00bb|||\u00bb][et_pb_text _builder_version=\u00bb3.27.4&#8243; _i=\u00bb0&#8243; _address=\u00bb1.0.0.0&#8243;]<\/p>\n<h2>Alejandro Yano<\/h2>\n<p><i>Sobrefoz<\/i><\/p>\n<p>2019-2023<\/p>\n<p>[\/et_pb_text][\/et_pb_column][et_pb_column type=\u00bb1_4&#8243; _builder_version=\u00bb3.25&#8243; custom_padding=\u00bb|||\u00bb _i=\u00bb1&#8243; _address=\u00bb1.0.1&#8243; custom_padding__hover=\u00bb|||\u00bb][et_pb_image src=\u00bbhttp:\/\/ventaniella.com\/wp-content\/uploads\/2018\/01\/Tamara-a-caballo.jpg\u00bb align_tablet=\u00bbcenter\u00bb align_last_edited=\u00bbon|desktop\u00bb _builder_version=\u00bb3.23&#8243; animation_style=\u00bbslide\u00bb animation_direction=\u00bbleft\u00bb animation_duration=\u00bb500ms\u00bb animation_intensity_slide=\u00bb10%\u00bb animation=\u00bbleft\u00bb _i=\u00bb0&#8243; _address=\u00bb1.0.1.0&#8243;][\/et_pb_image][et_pb_text _builder_version=\u00bb3.27.4&#8243; _i=\u00bb1&#8243; _address=\u00bb1.0.1.1&#8243;]<\/p>\n<h2>Tamara S\u00e1nchez Test\u00f3n<\/h2>\n<p><i>Sobrefoz<\/i><\/p>\n<p>2015-2019<br \/>\n[\/et_pb_text][\/et_pb_column][et_pb_column type=\u00bb1_4&#8243; _builder_version=\u00bb3.25&#8243; custom_padding=\u00bb|||\u00bb _i=\u00bb2&#8243; _address=\u00bb1.0.2&#8243; custom_padding__hover=\u00bb|||\u00bb][et_pb_image src=\u00bbhttps:\/\/ventaniella.com\/wp-content\/uploads\/2018\/01\/Ramiro-en-Ventaniella-e1515108680251.jpg\u00bb align_tablet=\u00bbcenter\u00bb align_last_edited=\u00bbon|desktop\u00bb _builder_version=\u00bb3.29.3&#8243; animation_style=\u00bbslide\u00bb animation_direction=\u00bbtop\u00bb animation_duration=\u00bb500ms\u00bb animation_intensity_slide=\u00bb10%\u00bb hover_enabled=\u00bb0&#8243; animation=\u00bbtop\u00bb _i=\u00bb0&#8243; _address=\u00bb1.0.2.0&#8243;][\/et_pb_image][et_pb_text _builder_version=\u00bb3.27.4&#8243; _i=\u00bb1&#8243; _address=\u00bb1.0.2.1&#8243;]<\/p>\n<h2>Ana Calvelo y Ramiro Corral<\/h2>\n<p><i>Sobrefoz<\/i><\/p>\n<p>2011-2015<br \/>\n[\/et_pb_text][\/et_pb_column][et_pb_column type=\u00bb1_4&#8243; _builder_version=\u00bb3.25&#8243; custom_padding=\u00bb|||\u00bb _i=\u00bb3&#8243; _address=\u00bb1.0.3&#8243; custom_padding__hover=\u00bb|||\u00bb][et_pb_image src=\u00bbhttps:\/\/ventaniella.com\/wp-content\/uploads\/2018\/01\/Omar-con-asturc-copia-e1515107975294.jpg\u00bb align_tablet=\u00bbcenter\u00bb align_last_edited=\u00bbon|desktop\u00bb _builder_version=\u00bb3.29.3&#8243; animation_style=\u00bbslide\u00bb animation_direction=\u00bbright\u00bb animation_duration=\u00bb500ms\u00bb animation_intensity_slide=\u00bb10%\u00bb hover_enabled=\u00bb0&#8243; animation=\u00bbright\u00bb _i=\u00bb0&#8243; _address=\u00bb1.0.3.0&#8243;][\/et_pb_image][et_pb_text _builder_version=\u00bb3.27.4&#8243; _i=\u00bb1&#8243; _address=\u00bb1.0.3.1&#8243;]<\/p>\n<h2>Omar Martinez Font\u00e1n<\/h2>\n<p><i>Sobrefoz<\/i><\/p>\n<p>2007-2011<br \/>\n[\/et_pb_text][\/et_pb_column][\/et_pb_row][\/et_pb_section][et_pb_section fb_built=\u00bb1&#8243; inner_shadow=\u00bbon\u00bb _builder_version=\u00bb3.22&#8243; background_color=\u00bb#2d3743&#8243; fb_built=\u00bb1&#8243; _i=\u00bb2&#8243; _address=\u00bb2&#8243;][et_pb_row _builder_version=\u00bb3.25&#8243; background_size=\u00bbinitial\u00bb background_position=\u00bbtop_left\u00bb background_repeat=\u00bbrepeat\u00bb _i=\u00bb0&#8243; _address=\u00bb2.0&#8243; column_structure=\u00bb1_2,1_2&#8243;][et_pb_column type=\u00bb1_2&#8243; _builder_version=\u00bb3.25&#8243; custom_padding=\u00bb|||\u00bb _i=\u00bb0&#8243; _address=\u00bb2.0.0&#8243; custom_padding__hover=\u00bb|||\u00bb][et_pb_blurb title=\u00bbLA PUJA POR LA CASER\u00cdA\u00bb use_icon=\u00bbon\u00bb font_icon=\u00bb%%305%%\u00bb icon_color=\u00bb#ffffff\u00bb _builder_version=\u00bb3.0.95&#8243; background_size=\u00bbinitial\u00bb background_position=\u00bbtop_left\u00bb background_repeat=\u00bbrepeat\u00bb background_layout=\u00bbdark\u00bb max_width_tablet=\u00bb50px\u00bb _i=\u00bb0&#8243; _address=\u00bb2.0.0.0&#8243;]<\/p>\n<p>Los interesados en Ventaniella pujan por la llevanza de la caser\u00eda cada cuatro a\u00f1os, el 25 de diciembre, en tres sucesivas rondas: primero entre los vecinos y nativos de Sobrefoz, despu\u00e9s entre los vecinos de la parroquia y, por \u00faltimo, en modo abierto entre otros interesados del concejo o de la comarca.<br \/> _________________<\/p>\n<p>Relaci\u00f3n de los llevadores, seg\u00fan informaci\u00f3n recogida de Adriano S\u00e1nchez y otros vecinos, en Casa Severa, Sobrefoz, por Gonzalo Barrena.<br \/> _______________________________________<\/p>\n<h5>TODOS LOS CASEROS (Siglos XX y XXI)<\/h5>\n<p>2019-2023: Alejandro Yano, Sobrefoz, Ponga<\/p>\n<p>2015-2019: Tamara S\u00e1nchez, Sobrefoz, Ponga<\/p>\n<p>2011-2015: Ana y Ramiro, Sobrefoz, Ponga<\/p>\n<p>2007-2011: Omar Mart\u00ednez Font\u00e1n, Sobrefoz, Ponga<\/p>\n<p>2003-2007: Humberto S\u00e1nchez, Sobrefoz, Ponga<\/p>\n<p>1995-2003: \u00c1ngel y Flavia, Abiegos, Ponga<\/p>\n<p>1991-1995: Humberto y Manolo, Sobrefoz, Ponga<\/p>\n<p>1987-1991: Omar Mart\u00ednez Font\u00e1n, Sobrefoz, Ponga<\/p>\n<p>1974-1987: Braulio (Villaverde, Amieva) y Queta (Sobrefoz)<\/p>\n<p>1967-1974: Norberto y La Peque\u00f1a, Sobrefoz, Ponga<\/p>\n<p>1962-1966: Benito y Leoncia, Sobrefoz, Ponga<\/p>\n<p>1958-1962: Rafael (Fael) Corral, Sobrefoz, Ponga<\/p>\n<p>1954-1958: Aurora Mart\u00ednez (madre de Norberto), Sobrefoz, Ponga<\/p>\n<p>1946-1954: Alfredo S\u00e1nchez Mones (abuelo de Angel\u00edn), Sobrefoz, Ponga<\/p>\n<p>1941-1945 (?): Braulio Mones, Sobrefoz, Ponga<\/p>\n<p>Durante la guerra civil: V\u00edctor Alonso, Sobrefoz, Ponga<\/p>\n<p>Antes de la guerra: Alfredo Casero y Amelia S\u00e1nchez, Sobrefoz, Ponga<\/p>\n<p>1920-1928 (?): Genaro Mart\u00ednez (abuelo de Omar), Sobrefoz, Ponga<\/p>\n<p>Principios del siglo XX (?): Manuel, abuelo de Manuel Antonio Yano, Sobrefoz, Ponga<\/p>\n<p>[\/et_pb_blurb][\/et_pb_column][et_pb_column type=\u00bb1_2&#8243; _builder_version=\u00bb3.25&#8243; custom_padding=\u00bb|||\u00bb _i=\u00bb1&#8243; _address=\u00bb2.0.1&#8243; custom_padding__hover=\u00bb|||\u00bb][et_pb_blurb title=\u00bbCOLABORA CON TU CONOCIMIENTO\u00bb use_icon=\u00bbon\u00bb font_icon=\u00bb%%75%%\u00bb icon_color=\u00bb#ffffff\u00bb _builder_version=\u00bb3.0.89&#8243; background_size=\u00bbinitial\u00bb background_position=\u00bbtop_left\u00bb background_repeat=\u00bbrepeat\u00bb background_layout=\u00bbdark\u00bb max_width_tablet=\u00bb50px\u00bb _i=\u00bb0&#8243; _address=\u00bb2.0.1.0&#8243;]Corrige o a\u00f1ade datos sobre los a\u00f1os y caseros que faltan<br \/>\n[\/et_pb_blurb][et_pb_blog fullwidth=\u00bboff\u00bb posts_number=\u00bb3&#8243; include_categories=\u00bb3&#8243; show_comments=\u00bbon\u00bb show_pagination=\u00bboff\u00bb _builder_version=\u00bb3.0.94&#8243; background_color=\u00bb#ffffff\u00bb pagination_font_size_tablet=\u00bb51&#8243; pagination_line_height_tablet=\u00bb2&#8243; use_dropshadow=\u00bboff\u00bb _i=\u00bb1&#8243; _address=\u00bb2.0.1.1&#8243;][\/et_pb_blog][\/et_pb_column][\/et_pb_row][\/et_pb_section]<\/p>\n","protected":false},"excerpt":{"rendered":"<p>Alejandro Yano Sobrefoz 2019-2023Tamara S\u00e1nchez Test\u00f3n Sobrefoz 2015-2019 Ana Calvelo y Ramiro Corral Sobrefoz 2011-2015 Omar Martinez Font\u00e1n Sobrefoz 2007-2011 Los interesados en Ventaniella pujan por la llevanza de la caser\u00eda cada cuatro a\u00f1os, el 25 de diciembre, en tres sucesivas rondas: primero entre los vecinos y nativos de Sobrefoz, despu\u00e9s entre los vecinos de [&hellip;]<\/p>\n","protected":false},"author":1,"featured_media":0,"parent":0,"menu_order":0,"comment_status":"closed","ping_status":"closed","template":"","meta":{"_et_pb_use_builder":"on","_et_pb_old_content":"","_et_gb_content_width":"","footnotes":""},"class_list":["post-105","page","type-page","status-publish","hentry"],"_links":{"self":[{"href":"https:\/\/ventaniella.com\/index.php\/wp-json\/wp\/v2\/pages\/105","targetHints":{"allow":["GET"]}}],"collection":[{"href":"https:\/\/ventaniella.com\/index.php\/wp-json\/wp\/v2\/pages"}],"about":[{"href":"https:\/\/ventaniella.com\/index.php\/wp-json\/wp\/v2\/types\/page"}],"author":[{"embeddable":true,"href":"https:\/\/ventaniella.com\/index.php\/wp-json\/wp\/v2\/users\/1"}],"replies":[{"embeddable":true,"href":"https:\/\/ventaniella.com\/index.php\/wp-json\/wp\/v2\/comments?post=105"}],"version-history":[{"count":23,"href":"https:\/\/ventaniella.com\/index.php\/wp-json\/wp\/v2\/pages\/105\/revisions"}],"predecessor-version":[{"id":24683,"href":"https:\/\/ventaniella.com\/index.php\/wp-json\/wp\/v2\/pages\/105\/revisions\/24683"}],"wp:attachment":[{"href":"https:\/\/ventaniella.com\/index.php\/wp-json\/wp\/v2\/media?parent=105"}],"curies":[{"name":"wp","href":"https:\/\/api.w.org\/{rel}","templated":true}]}}